{"id":3860,"date":"2026-01-06T02:10:59","date_gmt":"2026-01-05T23:10:59","guid":{"rendered":"https:\/\/uluman.net\/deutz-spare-parts\/"},"modified":"2026-02-05T17:28:00","modified_gmt":"2026-02-05T14:28:00","slug":"deutz-spare-parts","status":"publish","type":"page","link":"https:\/\/uluman.net\/en\/deutz-spare-parts\/","title":{"rendered":"Deutz Spare Parts"},"content":{"rendered":"<div class=\"fusion-fullwidth fullwidth-box fusion-builder-row-1 fusion-flex-container nonhundred-percent-fullwidth non-hundred-percent-height-scrolling\" style=\"--awb-border-radius-top-left:0px;--awb-border-radius-top-right:0px;--awb-border-radius-bottom-right:0px;--awb-border-radius-bottom-left:0px;--awb-flex-wrap:wrap;\" ><div class=\"fusion-builder-row fusion-row fusion-flex-align-items-flex-start fusion-flex-content-wrap\" style=\"max-width:1393.6px;margin-left: calc(-4% \/ 2 );margin-right: calc(-4% \/ 2 );\"><div class=\"fusion-layout-column fusion_builder_column fusion-builder-column-0 fusion_builder_column_1_1 1_1 fusion-flex-column\" style=\"--awb-bg-blend:overlay;--awb-bg-size:cover;--awb-width-large:100%;--awb-margin-top-large:30px;--awb-spacing-right-large:1.92%;--awb-margin-bottom-large:0px;--awb-spacing-left-large:1.92%;--awb-width-medium:100%;--awb-order-medium:0;--awb-spacing-right-medium:1.92%;--awb-spacing-left-medium:1.92%;--awb-width-small:100%;--awb-order-small:0;--awb-spacing-right-small:1.92%;--awb-spacing-left-small:1.92%;\" data-scroll-devices=\"small-visibility,medium-visibility,large-visibility\"><div class=\"fusion-column-wrapper fusion-column-has-shadow fusion-flex-justify-content-flex-start fusion-content-layout-column\"><div class=\"fusion-text fusion-text-1\" style=\"--awb-margin-top:30px;\"><h2 data-start=\"0\" data-end=\"25\">Deutz Spare Parts<\/h2>\n<\/p>\n<p data-start=\"27\" data-end=\"228\"><strong data-start=\"68\" data-end=\"109\"><span class=\"hover:entity-accent entity-underline inline cursor-pointer align-baseline\"><span class=\"whitespace-normal\">Deutz<\/span><\/span><\/strong> is a well-established brand, recognized worldwide in engine technology, distinguished by its durability and high efficiency. Regular maintenance and the use of genuine spare parts are crucial for ensuring the long-lasting and trouble-free operation of Deutz engines, which are widely used in the construction, agriculture, industry, and energy sectors. We provide high-quality, reliable, and fast solutions for sourcing Deutz spare parts.  <\/p>\n<h3 data-start=\"230\" data-end=\"274\">Deutz Spare Parts Order<\/h3>\n<\/p>\n<p data-start=\"276\" data-end=\"395\">Using original and standard-compliant spare parts is essential to maintain the performance of Deutz engines, reduce the risk of malfunctions, and lower operating costs. Our company provides high-quality spare parts that meet Deutz\u2019s technical specifications, ensuring your engines operate <strong data-start=\"872\" data-end=\"907\">safely, efficiently, and with a long service life.<\/strong> <\/p>\n<p>\n<\/div><div class=\"fusion-image-element \" style=\"--awb-caption-title-font-family:var(--h2_typography-font-family);--awb-caption-title-font-weight:var(--h2_typography-font-weight);--awb-caption-title-font-style:var(--h2_typography-font-style);--awb-caption-title-size:var(--h2_typography-font-size);--awb-caption-title-transform:var(--h2_typography-text-transform);--awb-caption-title-line-height:var(--h2_typography-line-height);--awb-caption-title-letter-spacing:var(--h2_typography-letter-spacing);\"><span class=\" fusion-imageframe imageframe-none imageframe-1 hover-type-none\"><img loading=\"lazy\" decoding=\"async\" width=\"910\" height=\"152\" alt=\"deutz banner\" title=\"deutz-banner\" src=\"https:\/\/uluman.net\/wp-content\/uploads\/2026\/02\/deutz-banner-en.jpg\" class=\"img-responsive wp-image-3979\"\/><\/span><\/div><div class=\"fusion-text fusion-text-2\"><h3 data-start=\"276\" data-end=\"395\">What Are the Advantages of Deutz Engines?<\/h3>\n<\/p>\n<ul data-start=\"552\" data-end=\"989\">\n<li data-start=\"880\" data-end=\"989\">\n<p data-start=\"974\" data-end=\"1056\">The main reasons why Deutz engines are preferred in many industries are as follows:<\/p>\n<ul data-start=\"1058\" data-end=\"1589\">\n<li data-start=\"1058\" data-end=\"1170\">\n<p data-start=\"1060\" data-end=\"1170\"><strong data-start=\"1060\" data-end=\"1084\">High Durability:<\/strong> Deutz engines, designed to withstand tough working conditions, offer a long service life.<\/p>\n<\/li>\n<li data-start=\"1171\" data-end=\"1265\">\n<p data-start=\"1173\" data-end=\"1265\"><strong data-start=\"1173\" data-end=\"1195\">Fuel Efficiency:<\/strong> Minimizes operating costs thanks to low fuel consumption.<\/p>\n<\/li>\n<li data-start=\"1266\" data-end=\"1396\">\n<p data-start=\"1268\" data-end=\"1396\"><strong data-start=\"1268\" data-end=\"1293\">Wide Range of Applications:<\/strong> Widely used in construction machinery, agricultural equipment, generators, and industrial machines.<\/p>\n<\/li>\n<li data-start=\"1397\" data-end=\"1510\">\n<p data-start=\"1399\" data-end=\"1510\">Low Emission Levels: Complies with international emission standards thanks to environmentally friendly engine technologies.<\/p>\n<\/li>\n<li data-start=\"1511\" data-end=\"1589\">\n<p data-start=\"1513\" data-end=\"1589\"><strong data-start=\"1513\" data-end=\"1529\">Easy Maintenance:<\/strong> Thanks to its modular design, maintenance and part replacement are practical.<\/p>\n<\/li>\n<\/ul>\n<p data-start=\"882\" data-end=\"989\">\u200b<\/p>\n<\/li>\n<\/ul>\n<h3 data-start=\"1591\" data-end=\"1631\">What Are the Types of Deutz Spare Parts?<\/h3>\n<\/p>\n<p data-start=\"1633\" data-end=\"1731\">There is a wide range of spare parts available for different models and needs of Deutz engines:<\/p>\n<ul data-start=\"1733\" data-end=\"2290\">\n<li data-start=\"1733\" data-end=\"1854\">\n<p data-start=\"1735\" data-end=\"1854\"><strong data-start=\"1735\" data-end=\"1764\">Internal Engine Components:<\/strong> Pistons, piston rings, crankshafts, and bearings support the healthy operation of the engine.<\/p>\n<\/li>\n<li data-start=\"1855\" data-end=\"1946\">\n<p data-start=\"1857\" data-end=\"1946\"><strong data-start=\"1857\" data-end=\"1877\">Filter Groups:<\/strong> Oil, fuel, and air filters help maintain engine performance and longevity.<\/p>\n<\/li>\n<li data-start=\"1947\" data-end=\"2068\">\n<p data-start=\"1949\" data-end=\"2068\"><strong data-start=\"1949\" data-end=\"1979\">Cooling System Components:<\/strong> Water pumps, thermostats, and radiators ensure the engine operates at an optimal temperature.<\/p>\n<\/li>\n<li data-start=\"2069\" data-end=\"2168\">\n<p data-start=\"2071\" data-end=\"2168\"><strong data-start=\"2071\" data-end=\"2099\">Fuel System Components:<\/strong> Injectors, fuel pumps, and fuel lines provide efficient combustion.<\/p>\n<\/li>\n<li data-start=\"2169\" data-end=\"2290\">\n<p data-start=\"2171\" data-end=\"2290\"><strong data-start=\"2171\" data-end=\"2204\">Electrical and Electronic Components:<\/strong> Sensors, starter motors, and alternators contribute to the smooth operation of the engine.<\/p>\n<\/li>\n<\/ul>\n<h3 data-start=\"2292\" data-end=\"2322\">Deutz Spare Part Prices<\/h3>\n<\/p>\n<p data-start=\"2324\" data-end=\"2583\">Deutz spare part prices may vary depending on the type of part, engine model, and originality. As Uluman \u0130\u015f Makinalar\u0131, we aim to offer <strong data-start=\"2453\" data-end=\"2490\">the best price-performance balance<\/strong>. For current prices and stock information, you can contact us.  <\/p>\n<h3 data-start=\"2585\" data-end=\"2623\">Deutz Original Spare Parts Products<\/h3>\n<\/p>\n<p data-start=\"2625\" data-end=\"2864\">Original Deutz spare parts are critical for maintaining your engine\u2019s performance as on the first day and ensuring safe operation. Our company helps prevent engine failures by providing original parts that comply with manufacturer standards. <\/p>\n<h3 data-start=\"2866\" data-end=\"2899\">Where Are Deutz Engines Preferred?<\/h3>\n<\/p>\n<p data-start=\"2901\" data-end=\"2954\">Deutz engines stand out with their wide range of applications:<\/p>\n<ul data-start=\"2956\" data-end=\"3321\">\n<li data-start=\"2956\" data-end=\"3051\">\n<p data-start=\"2958\" data-end=\"3051\"><strong data-start=\"2958\" data-end=\"2977\">Construction Sector:<\/strong> Provides strong performance in excavators, loaders, and other construction machinery.<\/p>\n<\/li>\n<li data-start=\"3052\" data-end=\"3139\">\n<p data-start=\"3054\" data-end=\"3139\"><strong data-start=\"3054\" data-end=\"3064\">Agriculture:<\/strong> Provides efficient and durable solutions in tractors and agricultural equipment.<\/p>\n<\/li>\n<li data-start=\"3140\" data-end=\"3237\">\n<p data-start=\"3142\" data-end=\"3237\"><strong data-start=\"3142\" data-end=\"3177\">Industry and Generator Systems: <\/strong>Preferred for uninterrupted power and long operating hours.<\/p>\n<\/li>\n<li data-start=\"3238\" data-end=\"3321\">\n<p data-start=\"3240\" data-end=\"3321\"><strong data-start=\"3240\" data-end=\"3272\">Energy and Infrastructure Projects: <\/strong>Provides reliable engine solutions under challenging conditions.<\/p>\n<\/li>\n<\/ul>\n<p data-start=\"3323\" data-end=\"3537\" data-is-last-node=\"\" data-is-only-node=\"\"><span class=\"relative -mx-px my-&#091;-0.2rem&#093; rounded px-px py-&#091;0.2rem&#093;\">For spare parts of other brands, you can use the <a href=\"https:\/\/uluman.net\/en\/manitou-spare-parts\/\">Manitou<\/a> and <a href=\"https:\/\/uluman.net\/en\/dana-spicer-spare-parts\/\">Dana Spicer<\/a> spare parts links.<\/span> At Uluman \u0130\u015f Makinalar\u0131, we are pleased to provide fast, reliable, and professional support with our expert team in <strong data-start=\"3352\" data-end=\"3377\">Deutz spare parts<\/strong>. For your needs and technical inquiries, please contact us. <\/p>\n<h2 data-start=\"2415\" data-end=\"2540\"><\/h2>\n<\/div><\/div><\/div><div class=\"fusion-layout-column fusion_builder_column fusion-builder-column-1 fusion_builder_column_1_2 1_2 fusion-flex-column\" style=\"--awb-bg-blend:overlay;--awb-bg-size:cover;--awb-width-large:50%;--awb-margin-top-large:0px;--awb-spacing-right-large:3.84%;--awb-margin-bottom-large:40px;--awb-spacing-left-large:3.84%;--awb-width-medium:50%;--awb-order-medium:0;--awb-spacing-right-medium:3.84%;--awb-spacing-left-medium:3.84%;--awb-width-small:100%;--awb-order-small:0;--awb-spacing-right-small:1.92%;--awb-spacing-left-small:1.92%;\" data-scroll-devices=\"small-visibility,medium-visibility,large-visibility\"><div class=\"fusion-column-wrapper fusion-column-has-shadow fusion-flex-justify-content-flex-start fusion-content-layout-column\"><div class=\"fusion-image-element \" style=\"text-align:center;--awb-caption-title-font-family:var(--h2_typography-font-family);--awb-caption-title-font-weight:var(--h2_typography-font-weight);--awb-caption-title-font-style:var(--h2_typography-font-style);--awb-caption-title-size:var(--h2_typography-font-size);--awb-caption-title-transform:var(--h2_typography-text-transform);--awb-caption-title-line-height:var(--h2_typography-line-height);--awb-caption-title-letter-spacing:var(--h2_typography-letter-spacing);\"><span class=\" fusion-imageframe imageframe-none imageframe-2 hover-type-none\"><a class=\"fusion-no-lightbox\" href=\"https:\/\/uluman.net\/en\/manitou-spare-parts\/\" target=\"_self\" aria-label=\"manitou\"><img loading=\"lazy\" decoding=\"async\" width=\"411\" height=\"411\" alt=\"manitou\" src=\"https:\/\/uluman.net\/wp-content\/uploads\/2026\/02\/manitou-img.jpg\" class=\"img-responsive wp-image-3980\" srcset=\"https:\/\/uluman.net\/wp-content\/uploads\/2026\/02\/manitou-img-200x200.jpg 200w, https:\/\/uluman.net\/wp-content\/uploads\/2026\/02\/manitou-img-400x400.jpg 400w, https:\/\/uluman.net\/wp-content\/uploads\/2026\/02\/manitou-img.jpg 411w\" sizes=\"auto, (max-width: 800px) 100vw, 411px\" \/><\/a><\/span><\/div><div class=\"fusion-title title fusion-title-1 fusion-sep-none fusion-title-center fusion-title-text fusion-title-size-four\"><h4 class=\"fusion-title-heading title-heading-center\" style=\"margin:0;text-transform:capitalize;\"><a href=\"https:\/\/uluman.net\/en\/manitou-spare-parts\/\" class=\"awb-custom-text-color awb-custom-text-hover-color\" target=\"_self\"><p style=\"text-align: center;\">Manitou Spare Part<\/p>\n<p><\/a><\/h4><\/div><\/div><\/div><div class=\"fusion-layout-column fusion_builder_column fusion-builder-column-2 fusion_builder_column_1_2 1_2 fusion-flex-column\" style=\"--awb-bg-blend:overlay;--awb-bg-size:cover;--awb-width-large:50%;--awb-margin-top-large:0px;--awb-spacing-right-large:3.84%;--awb-margin-bottom-large:40px;--awb-spacing-left-large:3.84%;--awb-width-medium:50%;--awb-order-medium:0;--awb-spacing-right-medium:3.84%;--awb-spacing-left-medium:3.84%;--awb-width-small:100%;--awb-order-small:0;--awb-spacing-right-small:1.92%;--awb-spacing-left-small:1.92%;\" data-scroll-devices=\"small-visibility,medium-visibility,large-visibility\"><div class=\"fusion-column-wrapper fusion-column-has-shadow fusion-flex-justify-content-flex-start fusion-content-layout-column\"><div class=\"fusion-image-element \" style=\"text-align:center;--awb-caption-title-font-family:var(--h2_typography-font-family);--awb-caption-title-font-weight:var(--h2_typography-font-weight);--awb-caption-title-font-style:var(--h2_typography-font-style);--awb-caption-title-size:var(--h2_typography-font-size);--awb-caption-title-transform:var(--h2_typography-text-transform);--awb-caption-title-line-height:var(--h2_typography-line-height);--awb-caption-title-letter-spacing:var(--h2_typography-letter-spacing);\"><span class=\" fusion-imageframe imageframe-none imageframe-3 hover-type-none\"><a class=\"fusion-no-lightbox\" href=\"https:\/\/uluman.net\/en\/dana-spicer-spare-parts\/\" target=\"_self\" aria-label=\"spicer-dana\"><img loading=\"lazy\" decoding=\"async\" width=\"411\" height=\"411\" alt=\"spicer dana\" src=\"https:\/\/uluman.net\/wp-content\/uploads\/2026\/02\/spicer-dana-img-1.jpg\" class=\"img-responsive wp-image-3981\" srcset=\"https:\/\/uluman.net\/wp-content\/uploads\/2026\/02\/spicer-dana-img-1-200x200.jpg 200w, https:\/\/uluman.net\/wp-content\/uploads\/2026\/02\/spicer-dana-img-1-400x400.jpg 400w, https:\/\/uluman.net\/wp-content\/uploads\/2026\/02\/spicer-dana-img-1.jpg 411w\" sizes=\"auto, (max-width: 800px) 100vw, 411px\" \/><\/a><\/span><\/div><div class=\"fusion-title title fusion-title-2 fusion-sep-none fusion-title-center fusion-title-text fusion-title-size-four\"><h4 class=\"fusion-title-heading title-heading-center\" style=\"margin:0;text-transform:capitalize;\"><a href=\"https:\/\/uluman.net\/en\/dana-spicer-spare-parts\/\" class=\"awb-custom-text-color awb-custom-text-hover-color\" target=\"_self\"><p style=\"text-align: center;\">Dana-Spicer Spare Part<\/p>\n<p><\/a><\/h4><\/div><\/div><\/div><\/div><\/div>\n","protected":false},"excerpt":{"rendered":"","protected":false},"author":2,"featured_media":3802,"parent":0,"menu_order":0,"comment_status":"closed","ping_status":"closed","template":"","meta":{"_acf_changed":false,"footnotes":""},"class_list":["post-3860","page","type-page","status-publish","has-post-thumbnail","hentry"],"acf":[],"yoast_head":"<!-- This site is optimized with the Yoast SEO Premium plugin v26.9 (Yoast SEO v26.9) - https:\/\/yoast.com\/product\/yoast-seo-premium-wordpress\/ -->\n<title>Deutz Spare Parts | uluman.net | Yedek Par\u00e7a<\/title>\n<meta name=\"description\" content=\"Information about Deutz spare parts and failures. Search for Deutz spare part names and part codes. Spare part ordering.\" \/>\n<meta name=\"robots\" content=\"index, follow, max-snippet:-1, max-image-preview:large, max-video-preview:-1\" \/>\n<link rel=\"canonical\" href=\"https:\/\/uluman.net\/en\/deutz-spare-parts\/\" \/>\n<meta property=\"og:locale\" content=\"en_US\" \/>\n<meta property=\"og:type\" content=\"article\" \/>\n<meta property=\"og:title\" content=\"Deutz Spare Parts\" \/>\n<meta property=\"og:description\" content=\"Information about Deutz spare parts and failures. Search for Deutz spare part names and part codes. Spare part ordering.\" \/>\n<meta property=\"og:url\" content=\"https:\/\/uluman.net\/en\/deutz-spare-parts\/\" \/>\n<meta property=\"og:site_name\" content=\"uluman.net | Yedek Par\u00e7a\" \/>\n<meta property=\"article:publisher\" content=\"https:\/\/www.instagram.com\/ulumanismakinalari\/\" \/>\n<meta property=\"article:modified_time\" content=\"2026-02-05T14:28:00+00:00\" \/>\n<meta property=\"og:image\" content=\"https:\/\/uluman.net\/wp-content\/uploads\/2025\/12\/deutz-yedek-parca.jpg\" \/>\n\t<meta property=\"og:image:width\" content=\"411\" \/>\n\t<meta property=\"og:image:height\" content=\"411\" \/>\n\t<meta property=\"og:image:type\" content=\"image\/jpeg\" \/>\n<meta name=\"twitter:card\" content=\"summary_large_image\" \/>\n<meta name=\"twitter:label1\" content=\"Est. reading time\" \/>\n\t<meta name=\"twitter:data1\" content=\"20 minutes\" \/>\n<script type=\"application\/ld+json\" class=\"yoast-schema-graph\">{\"@context\":\"https:\/\/schema.org\",\"@graph\":[{\"@type\":\"WebPage\",\"@id\":\"https:\/\/uluman.net\/en\/deutz-spare-parts\/\",\"url\":\"https:\/\/uluman.net\/en\/deutz-spare-parts\/\",\"name\":\"Deutz Spare Parts | uluman.net | Yedek Par\u00e7a\",\"isPartOf\":{\"@id\":\"https:\/\/uluman.net\/en\/#website\"},\"primaryImageOfPage\":{\"@id\":\"https:\/\/uluman.net\/en\/deutz-spare-parts\/#primaryimage\"},\"image\":{\"@id\":\"https:\/\/uluman.net\/en\/deutz-spare-parts\/#primaryimage\"},\"thumbnailUrl\":\"https:\/\/uluman.net\/wp-content\/uploads\/2025\/12\/deutz-yedek-parca.jpg\",\"datePublished\":\"2026-01-05T23:10:59+00:00\",\"dateModified\":\"2026-02-05T14:28:00+00:00\",\"description\":\"Information about Deutz spare parts and failures. Search for Deutz spare part names and part codes. Spare part ordering.\",\"breadcrumb\":{\"@id\":\"https:\/\/uluman.net\/en\/deutz-spare-parts\/#breadcrumb\"},\"inLanguage\":\"en-US\",\"potentialAction\":[{\"@type\":\"ReadAction\",\"target\":[\"https:\/\/uluman.net\/en\/deutz-spare-parts\/\"]}]},{\"@type\":\"ImageObject\",\"inLanguage\":\"en-US\",\"@id\":\"https:\/\/uluman.net\/en\/deutz-spare-parts\/#primaryimage\",\"url\":\"https:\/\/uluman.net\/wp-content\/uploads\/2025\/12\/deutz-yedek-parca.jpg\",\"contentUrl\":\"https:\/\/uluman.net\/wp-content\/uploads\/2025\/12\/deutz-yedek-parca.jpg\",\"width\":411,\"height\":411,\"caption\":\"Deutz Spare Part\"},{\"@type\":\"BreadcrumbList\",\"@id\":\"https:\/\/uluman.net\/en\/deutz-spare-parts\/#breadcrumb\",\"itemListElement\":[{\"@type\":\"ListItem\",\"position\":1,\"name\":\"Anasayfa\",\"item\":\"https:\/\/uluman.net\/en\/\"},{\"@type\":\"ListItem\",\"position\":2,\"name\":\"Deutz Spare Parts\"}]},{\"@type\":\"WebSite\",\"@id\":\"https:\/\/uluman.net\/en\/#website\",\"url\":\"https:\/\/uluman.net\/en\/\",\"name\":\"uluman.net | Yedek Par\u00e7a\",\"description\":\"\u0130\u015f Makinalar\u0131 Yedek Par\u00e7a\",\"publisher\":{\"@id\":\"https:\/\/uluman.net\/en\/#organization\"},\"alternateName\":\"uluman.net\",\"potentialAction\":[{\"@type\":\"SearchAction\",\"target\":{\"@type\":\"EntryPoint\",\"urlTemplate\":\"https:\/\/uluman.net\/en\/?s={search_term_string}\"},\"query-input\":{\"@type\":\"PropertyValueSpecification\",\"valueRequired\":true,\"valueName\":\"search_term_string\"}}],\"inLanguage\":\"en-US\"},{\"@type\":\"Organization\",\"@id\":\"https:\/\/uluman.net\/en\/#organization\",\"name\":\"uluman.net | \u0130\u015f Makinalar\u0131 Yedek Par\u00e7a\",\"alternateName\":\"uluman.net\",\"url\":\"https:\/\/uluman.net\/en\/\",\"logo\":{\"@type\":\"ImageObject\",\"inLanguage\":\"en-US\",\"@id\":\"https:\/\/uluman.net\/en\/#\/schema\/logo\/image\/\",\"url\":\"https:\/\/uluman.net\/wp-content\/uploads\/2024\/09\/ulumanlogo-acikzemin.svg\",\"contentUrl\":\"https:\/\/uluman.net\/wp-content\/uploads\/2024\/09\/ulumanlogo-acikzemin.svg\",\"width\":453,\"height\":185,\"caption\":\"uluman.net | \u0130\u015f Makinalar\u0131 Yedek Par\u00e7a\"},\"image\":{\"@id\":\"https:\/\/uluman.net\/en\/#\/schema\/logo\/image\/\"},\"sameAs\":[\"https:\/\/www.instagram.com\/ulumanismakinalari\/\"]}]}<\/script>\n<!-- \/ Yoast SEO Premium plugin. -->","yoast_head_json":{"title":"Deutz Spare Parts | uluman.net | Yedek Par\u00e7a","description":"Information about Deutz spare parts and failures. Search for Deutz spare part names and part codes. Spare part ordering.","robots":{"index":"index","follow":"follow","max-snippet":"max-snippet:-1","max-image-preview":"max-image-preview:large","max-video-preview":"max-video-preview:-1"},"canonical":"https:\/\/uluman.net\/en\/deutz-spare-parts\/","og_locale":"en_US","og_type":"article","og_title":"Deutz Spare Parts","og_description":"Information about Deutz spare parts and failures. Search for Deutz spare part names and part codes. Spare part ordering.","og_url":"https:\/\/uluman.net\/en\/deutz-spare-parts\/","og_site_name":"uluman.net | Yedek Par\u00e7a","article_publisher":"https:\/\/www.instagram.com\/ulumanismakinalari\/","article_modified_time":"2026-02-05T14:28:00+00:00","og_image":[{"width":411,"height":411,"url":"https:\/\/uluman.net\/wp-content\/uploads\/2025\/12\/deutz-yedek-parca.jpg","type":"image\/jpeg"}],"twitter_card":"summary_large_image","twitter_misc":{"Est. reading time":"20 minutes"},"schema":{"@context":"https:\/\/schema.org","@graph":[{"@type":"WebPage","@id":"https:\/\/uluman.net\/en\/deutz-spare-parts\/","url":"https:\/\/uluman.net\/en\/deutz-spare-parts\/","name":"Deutz Spare Parts | uluman.net | Yedek Par\u00e7a","isPartOf":{"@id":"https:\/\/uluman.net\/en\/#website"},"primaryImageOfPage":{"@id":"https:\/\/uluman.net\/en\/deutz-spare-parts\/#primaryimage"},"image":{"@id":"https:\/\/uluman.net\/en\/deutz-spare-parts\/#primaryimage"},"thumbnailUrl":"https:\/\/uluman.net\/wp-content\/uploads\/2025\/12\/deutz-yedek-parca.jpg","datePublished":"2026-01-05T23:10:59+00:00","dateModified":"2026-02-05T14:28:00+00:00","description":"Information about Deutz spare parts and failures. Search for Deutz spare part names and part codes. Spare part ordering.","breadcrumb":{"@id":"https:\/\/uluman.net\/en\/deutz-spare-parts\/#breadcrumb"},"inLanguage":"en-US","potentialAction":[{"@type":"ReadAction","target":["https:\/\/uluman.net\/en\/deutz-spare-parts\/"]}]},{"@type":"ImageObject","inLanguage":"en-US","@id":"https:\/\/uluman.net\/en\/deutz-spare-parts\/#primaryimage","url":"https:\/\/uluman.net\/wp-content\/uploads\/2025\/12\/deutz-yedek-parca.jpg","contentUrl":"https:\/\/uluman.net\/wp-content\/uploads\/2025\/12\/deutz-yedek-parca.jpg","width":411,"height":411,"caption":"Deutz Spare Part"},{"@type":"BreadcrumbList","@id":"https:\/\/uluman.net\/en\/deutz-spare-parts\/#breadcrumb","itemListElement":[{"@type":"ListItem","position":1,"name":"Anasayfa","item":"https:\/\/uluman.net\/en\/"},{"@type":"ListItem","position":2,"name":"Deutz Spare Parts"}]},{"@type":"WebSite","@id":"https:\/\/uluman.net\/en\/#website","url":"https:\/\/uluman.net\/en\/","name":"uluman.net | Yedek Par\u00e7a","description":"\u0130\u015f Makinalar\u0131 Yedek Par\u00e7a","publisher":{"@id":"https:\/\/uluman.net\/en\/#organization"},"alternateName":"uluman.net","potentialAction":[{"@type":"SearchAction","target":{"@type":"EntryPoint","urlTemplate":"https:\/\/uluman.net\/en\/?s={search_term_string}"},"query-input":{"@type":"PropertyValueSpecification","valueRequired":true,"valueName":"search_term_string"}}],"inLanguage":"en-US"},{"@type":"Organization","@id":"https:\/\/uluman.net\/en\/#organization","name":"uluman.net | \u0130\u015f Makinalar\u0131 Yedek Par\u00e7a","alternateName":"uluman.net","url":"https:\/\/uluman.net\/en\/","logo":{"@type":"ImageObject","inLanguage":"en-US","@id":"https:\/\/uluman.net\/en\/#\/schema\/logo\/image\/","url":"https:\/\/uluman.net\/wp-content\/uploads\/2024\/09\/ulumanlogo-acikzemin.svg","contentUrl":"https:\/\/uluman.net\/wp-content\/uploads\/2024\/09\/ulumanlogo-acikzemin.svg","width":453,"height":185,"caption":"uluman.net | \u0130\u015f Makinalar\u0131 Yedek Par\u00e7a"},"image":{"@id":"https:\/\/uluman.net\/en\/#\/schema\/logo\/image\/"},"sameAs":["https:\/\/www.instagram.com\/ulumanismakinalari\/"]}]}},"_links":{"self":[{"href":"https:\/\/uluman.net\/en\/wp-json\/wp\/v2\/pages\/3860","targetHints":{"allow":["GET"]}}],"collection":[{"href":"https:\/\/uluman.net\/en\/wp-json\/wp\/v2\/pages"}],"about":[{"href":"https:\/\/uluman.net\/en\/wp-json\/wp\/v2\/types\/page"}],"author":[{"embeddable":true,"href":"https:\/\/uluman.net\/en\/wp-json\/wp\/v2\/users\/2"}],"replies":[{"embeddable":true,"href":"https:\/\/uluman.net\/en\/wp-json\/wp\/v2\/comments?post=3860"}],"version-history":[{"count":10,"href":"https:\/\/uluman.net\/en\/wp-json\/wp\/v2\/pages\/3860\/revisions"}],"predecessor-version":[{"id":4006,"href":"https:\/\/uluman.net\/en\/wp-json\/wp\/v2\/pages\/3860\/revisions\/4006"}],"wp:featuredmedia":[{"embeddable":true,"href":"https:\/\/uluman.net\/en\/wp-json\/wp\/v2\/media\/3802"}],"wp:attachment":[{"href":"https:\/\/uluman.net\/en\/wp-json\/wp\/v2\/media?parent=3860"}],"curies":[{"name":"wp","href":"https:\/\/api.w.org\/{rel}","templated":true}]}}