{"id":3842,"date":"2026-01-06T02:07:19","date_gmt":"2026-01-05T23:07:19","guid":{"rendered":"https:\/\/uluman.net\/dana-spicer-spare-parts\/"},"modified":"2026-02-05T17:22:53","modified_gmt":"2026-02-05T14:22:53","slug":"dana-spicer-spare-parts","status":"publish","type":"page","link":"https:\/\/uluman.net\/en\/dana-spicer-spare-parts\/","title":{"rendered":"Dana Spicer Spare Parts"},"content":{"rendered":"<div class=\"fusion-fullwidth fullwidth-box fusion-builder-row-1 fusion-flex-container nonhundred-percent-fullwidth non-hundred-percent-height-scrolling\" style=\"--awb-border-radius-top-left:0px;--awb-border-radius-top-right:0px;--awb-border-radius-bottom-right:0px;--awb-border-radius-bottom-left:0px;--awb-flex-wrap:wrap;\" ><div class=\"fusion-builder-row fusion-row fusion-flex-align-items-flex-start fusion-flex-content-wrap\" style=\"max-width:1393.6px;margin-left: calc(-4% \/ 2 );margin-right: calc(-4% \/ 2 );\"><div class=\"fusion-layout-column fusion_builder_column fusion-builder-column-0 fusion_builder_column_1_1 1_1 fusion-flex-column\" style=\"--awb-bg-blend:overlay;--awb-bg-size:cover;--awb-width-large:100%;--awb-margin-top-large:30px;--awb-spacing-right-large:1.92%;--awb-margin-bottom-large:0px;--awb-spacing-left-large:1.92%;--awb-width-medium:100%;--awb-order-medium:0;--awb-spacing-right-medium:1.92%;--awb-spacing-left-medium:1.92%;--awb-width-small:100%;--awb-order-small:0;--awb-spacing-right-small:1.92%;--awb-spacing-left-small:1.92%;\" data-scroll-devices=\"small-visibility,medium-visibility,large-visibility\"><div class=\"fusion-column-wrapper fusion-column-has-shadow fusion-flex-justify-content-flex-start fusion-content-layout-column\"><div class=\"fusion-text fusion-text-1\"><h2 data-start=\"42\" data-end=\"72\">Dana Spicer Spare Parts<\/h2>\n<\/p>\n<p data-start=\"74\" data-end=\"533\"><strong data-start=\"74\" data-end=\"115\">Dana Spicer<\/strong> is a globally recognized brand in the field of power transmission, known for its high quality and durability. To ensure the long-lasting and efficient operation of Dana Spicer products, which are widely used in construction, mining, agriculture, and heavy-duty vehicles, the use of original spare parts is of great importance. As Uluman \u0130\u015f Makinalar\u0131, we provide reliable and professional service in the supply of Dana Spicer spare parts.  <\/p>\n<h3 data-start=\"535\" data-end=\"583\">Dana Spicer Spare Parts Order<\/h3>\n<\/p>\n<p data-start=\"585\" data-end=\"967\">To maintain the performance of Dana Spicer systems, reduce the risk of failures, and ensure the uninterrupted operation of your construction machinery, the use of original spare parts that comply with manufacturer standards is essential. Our company contributes to <strong data-start=\"910\" data-end=\"941\">the safe and maximum efficiency<\/strong> of your machines by providing high-quality spare parts that meet Dana Spicer\u2019s technical requirements. <\/p>\n<p>\n<\/div><div class=\"fusion-image-element \" style=\"text-align:center;--awb-caption-title-font-family:var(--h2_typography-font-family);--awb-caption-title-font-weight:var(--h2_typography-font-weight);--awb-caption-title-font-style:var(--h2_typography-font-style);--awb-caption-title-size:var(--h2_typography-font-size);--awb-caption-title-transform:var(--h2_typography-text-transform);--awb-caption-title-line-height:var(--h2_typography-line-height);--awb-caption-title-letter-spacing:var(--h2_typography-letter-spacing);\"><span class=\" fusion-imageframe imageframe-none imageframe-1 hover-type-none\"><img loading=\"lazy\" decoding=\"async\" width=\"910\" height=\"152\" alt=\"spicer dana banner\" title=\"spicer-dana-banner-en\" src=\"https:\/\/uluman.net\/wp-content\/uploads\/2026\/02\/spicer-dana-banner-en.jpg\" class=\"img-responsive wp-image-3987\"\/><\/span><\/div><div class=\"fusion-text fusion-text-2\"><h3 data-start=\"969\" data-end=\"1017\">What Are the Advantages of Dana Spicer Products?<\/h3>\n<\/p>\n<p data-start=\"1019\" data-end=\"1106\">The main reasons why Dana Spicer products are preferred across many industries are as follows:<\/p>\n<ul data-start=\"1108\" data-end=\"1681\">\n<li data-start=\"1108\" data-end=\"1228\">\n<p data-start=\"1110\" data-end=\"1228\"><strong data-start=\"1110\" data-end=\"1134\">High Durability:<\/strong> Axle and transmission systems designed for heavy-duty operating conditions provide a long service life.<\/p>\n<\/li>\n<li data-start=\"1229\" data-end=\"1336\">\n<p data-start=\"1231\" data-end=\"1336\"><strong data-start=\"1231\" data-end=\"1254\">Superior Power Transmission:<\/strong> Delivers engine power to the wheels without loss, ensuring maximum performance.<\/p>\n<\/li>\n<li data-start=\"1337\" data-end=\"1469\">\n<p data-start=\"1339\" data-end=\"1469\"><strong data-start=\"1339\" data-end=\"1364\">Wide Range of Applications:<\/strong> Widely used in construction machinery, industrial equipment, and agricultural vehicles.<\/p>\n<\/li>\n<li data-start=\"1470\" data-end=\"1576\">\n<p data-start=\"1472\" data-end=\"1576\"><strong data-start=\"1472\" data-end=\"1494\">Low Failure Rate:<\/strong> Thanks to high engineering standards, it reduces maintenance and repair costs.<\/p>\n<\/li>\n<li data-start=\"1577\" data-end=\"1681\">\n<p data-start=\"1579\" data-end=\"1681\"><strong data-start=\"1579\" data-end=\"1620\">Easy Maintenance and Part Availability:<\/strong> Thanks to its modular design, maintenance processes are fast and practical.<\/p>\n<\/li>\n<\/ul>\n<h3 data-start=\"1683\" data-end=\"1729\">What Are the Types of Dana Spicer Spare Parts?<\/h3>\n<\/p>\n<p data-start=\"1731\" data-end=\"1813\">There is a wide range of spare parts available for Dana Spicer product groups:<\/p>\n<ul data-start=\"1815\" data-end=\"2374\">\n<li data-start=\"1815\" data-end=\"1935\">\n<p data-start=\"1817\" data-end=\"1935\"><strong data-start=\"1817\" data-end=\"1851\">Axle and Differential Parts:<\/strong> Gears, pinions, bearings, and seals ensure driving safety and durability.<\/p>\n<\/li>\n<li data-start=\"1936\" data-end=\"2052\">\n<p data-start=\"1938\" data-end=\"2052\"><strong data-start=\"1938\" data-end=\"1964\">Transmission Parts:<\/strong> Gearboxes, clutches, and shaft components support smooth power transmission.<\/p>\n<\/li>\n<li data-start=\"2053\" data-end=\"2160\">\n<p data-start=\"2055\" data-end=\"2160\"><strong data-start=\"2055\" data-end=\"2077\">Drive Systems:<\/strong> Drive shafts and connecting components contribute to the balanced operation of the system.<\/p>\n<\/li>\n<li data-start=\"2161\" data-end=\"2259\">\n<p data-start=\"2163\" data-end=\"2259\"><strong data-start=\"2163\" data-end=\"2191\">Sealing Components:<\/strong> Seals and gaskets prevent oil leaks, extending the system&#8217;s service life.<\/p>\n<\/li>\n<li data-start=\"2260\" data-end=\"2374\">\n<p data-start=\"2262\" data-end=\"2374\"><strong data-start=\"2262\" data-end=\"2292\">Maintenance and Repair Parts:<\/strong> Filters, oils, and auxiliary equipment facilitate regular maintenance processes.<\/p>\n<\/li>\n<\/ul>\n<h3 data-start=\"2376\" data-end=\"2412\">Dana Spicer Spare Parts Prices<\/h3>\n<\/p>\n<p data-start=\"2414\" data-end=\"2721\">Dana Spicer spare parts prices may vary depending on the type of part, machine model, and whether the product is original. At Uluman \u0130\u015f Makinalar\u0131, we aim to offer our customers <strong data-start=\"2585\" data-end=\"2622\">competitive prices and the advantage of getting the right parts.<\/strong> For current price and stock information, please contact us.  <\/p>\n<h3 data-start=\"2723\" data-end=\"2767\">Original Dana Spicer Spare Parts Products<\/h3>\n<\/p>\n<p data-start=\"2769\" data-end=\"3043\">Original Dana Spicer spare parts are critical for maintaining the performance of your machinery as on the first day and ensuring safe operation in the long term. Our company helps prevent system failures by providing original parts that fully comply with manufacturer standards. <\/p>\n<h3 data-start=\"3045\" data-end=\"3084\">Where Is Dana Spicer Preferred?<\/h3>\n<\/p>\n<p data-start=\"3086\" data-end=\"3145\">Dana Spicer products stand out with their wide range of applications:<\/p>\n<ul data-start=\"3147\" data-end=\"3523\">\n<li data-start=\"3147\" data-end=\"3244\">\n<p data-start=\"3149\" data-end=\"3244\"><strong data-start=\"3149\" data-end=\"3174\">Construction and Mining:<\/strong> Provides heavy-duty solutions for loaders, bulldozers, and dump trucks.<\/p>\n<\/li>\n<li data-start=\"3245\" data-end=\"3338\">\n<p data-start=\"3247\" data-end=\"3338\"><strong data-start=\"3247\" data-end=\"3265\">Agricultural Sector:<\/strong> Provides strong and reliable power transmission for tractors and agricultural machinery.<\/p>\n<\/li>\n<li data-start=\"3339\" data-end=\"3433\">\n<p data-start=\"3341\" data-end=\"3433\"><strong data-start=\"3341\" data-end=\"3364\">Industry and Logistics:<\/strong> Provides durable solutions for industrial vehicles and specialized equipment.<\/p>\n<\/li>\n<li data-start=\"3434\" data-end=\"3523\">\n<p data-start=\"3436\" data-end=\"3523\"><strong data-start=\"3436\" data-end=\"3461\">Heavy-Duty Vehicles:<\/strong> Reliably preferred in challenging terrain and high-load conditions.<\/p>\n<\/li>\n<\/ul>\n<p data-start=\"3525\" data-end=\"3765\" data-is-last-node=\"\" data-is-only-node=\"\">For spare parts of other brands, you can use the <a href=\"https:\/\/uluman.net\/en\/manitou-spare-parts\/\">Manitou<\/a> and <a href=\"https:\/\/uluman.net\/en\/deutz-spare-parts\/\">Deutz<\/a> spare parts links. At Uluman \u0130\u015f Makinalar\u0131, we are pleased to provide fast, reliable, and professional support with our expert team in Dana Spicer spare parts. For your needs and technical inquiries, please contact us.For spare parts of other brands, you can use the Manitou and Deutz spare parts links. At Uluman \u0130\u015f Makinalar\u0131, we are pleased to provide fast, reliable, and professional support with our expert team in Dana Spicer spare parts. For your needs and technical inquiries, please contact us.  <\/p>\n<\/div><\/div><\/div><div class=\"fusion-layout-column fusion_builder_column fusion-builder-column-1 fusion_builder_column_1_2 1_2 fusion-flex-column\" style=\"--awb-bg-blend:overlay;--awb-bg-size:cover;--awb-width-large:50%;--awb-margin-top-large:0px;--awb-spacing-right-large:3.84%;--awb-margin-bottom-large:0px;--awb-spacing-left-large:3.84%;--awb-width-medium:50%;--awb-spacing-right-medium:3.84%;--awb-spacing-left-medium:3.84%;--awb-width-small:100%;--awb-spacing-right-small:1.92%;--awb-spacing-left-small:1.92%;\"><div class=\"fusion-column-wrapper fusion-flex-justify-content-flex-start fusion-content-layout-column\"><div class=\"fusion-image-element \" style=\"text-align:center;--awb-margin-bottom:40px;--awb-caption-title-font-family:var(--h2_typography-font-family);--awb-caption-title-font-weight:var(--h2_typography-font-weight);--awb-caption-title-font-style:var(--h2_typography-font-style);--awb-caption-title-size:var(--h2_typography-font-size);--awb-caption-title-transform:var(--h2_typography-text-transform);--awb-caption-title-line-height:var(--h2_typography-line-height);--awb-caption-title-letter-spacing:var(--h2_typography-letter-spacing);\"><span class=\" fusion-imageframe imageframe-none imageframe-2 hover-type-none\"><a class=\"fusion-no-lightbox\" href=\"https:\/\/uluman.net\/en\/manitou-spare-parts\/\" target=\"_self\" aria-label=\"manitou\"><img loading=\"lazy\" decoding=\"async\" width=\"411\" height=\"411\" alt=\"manitou\" src=\"https:\/\/uluman.net\/wp-content\/uploads\/2026\/02\/manitou-img.jpg\" class=\"img-responsive wp-image-3980\" srcset=\"https:\/\/uluman.net\/wp-content\/uploads\/2026\/02\/manitou-img-200x200.jpg 200w, https:\/\/uluman.net\/wp-content\/uploads\/2026\/02\/manitou-img-400x400.jpg 400w, https:\/\/uluman.net\/wp-content\/uploads\/2026\/02\/manitou-img.jpg 411w\" sizes=\"auto, (max-width: 800px) 100vw, 411px\" \/><\/a><\/span><\/div><div class=\"fusion-title title fusion-title-1 fusion-sep-none fusion-title-center fusion-title-text fusion-title-size-four\"><h4 class=\"fusion-title-heading title-heading-center\" style=\"margin:0;text-transform:capitalize;\"><a href=\"https:\/\/uluman.net\/en\/manitou-spare-parts\/\" class=\"awb-custom-text-color awb-custom-text-hover-color\" target=\"_self\"><p style=\"text-align: center;\">Manitou Spare Part<\/p>\n<p><\/a><\/h4><\/div><\/div><\/div><div class=\"fusion-layout-column fusion_builder_column fusion-builder-column-2 fusion_builder_column_1_2 1_2 fusion-flex-column\" style=\"--awb-bg-blend:overlay;--awb-bg-size:cover;--awb-width-large:50%;--awb-margin-top-large:0px;--awb-spacing-right-large:3.84%;--awb-margin-bottom-large:0px;--awb-spacing-left-large:3.84%;--awb-width-medium:50%;--awb-spacing-right-medium:3.84%;--awb-spacing-left-medium:3.84%;--awb-width-small:100%;--awb-spacing-right-small:1.92%;--awb-spacing-left-small:1.92%;\"><div class=\"fusion-column-wrapper fusion-flex-justify-content-flex-start fusion-content-layout-column\"><div class=\"fusion-image-element \" style=\"text-align:center;--awb-margin-bottom:40px;--awb-caption-title-font-family:var(--h2_typography-font-family);--awb-caption-title-font-weight:var(--h2_typography-font-weight);--awb-caption-title-font-style:var(--h2_typography-font-style);--awb-caption-title-size:var(--h2_typography-font-size);--awb-caption-title-transform:var(--h2_typography-text-transform);--awb-caption-title-line-height:var(--h2_typography-line-height);--awb-caption-title-letter-spacing:var(--h2_typography-letter-spacing);\"><span class=\" fusion-imageframe imageframe-none imageframe-3 hover-type-none\"><a class=\"fusion-no-lightbox\" href=\"https:\/\/uluman.net\/en\/deutz-spare-parts\/\" target=\"_self\" aria-label=\"deutz\"><img loading=\"lazy\" decoding=\"async\" width=\"411\" height=\"411\" alt=\"deutz\" src=\"https:\/\/uluman.net\/wp-content\/uploads\/2026\/02\/deutz-img.jpg\" class=\"img-responsive wp-image-3982\" srcset=\"https:\/\/uluman.net\/wp-content\/uploads\/2026\/02\/deutz-img-200x200.jpg 200w, https:\/\/uluman.net\/wp-content\/uploads\/2026\/02\/deutz-img-400x400.jpg 400w, https:\/\/uluman.net\/wp-content\/uploads\/2026\/02\/deutz-img.jpg 411w\" sizes=\"auto, (max-width: 800px) 100vw, 411px\" \/><\/a><\/span><\/div><div class=\"fusion-title title fusion-title-2 fusion-sep-none fusion-title-center fusion-title-text fusion-title-size-four\"><h4 class=\"fusion-title-heading title-heading-center\" style=\"margin:0;text-transform:capitalize;\"><a href=\"https:\/\/uluman.net\/en\/deutz-spare-parts\/\" class=\"awb-custom-text-color awb-custom-text-hover-color\" target=\"_self\"><p style=\"text-align: center;\">Deutz Spare Part<\/p>\n<p><\/a><\/h4><\/div><\/div><\/div><\/div><\/div>\n","protected":false},"excerpt":{"rendered":"","protected":false},"author":2,"featured_media":3803,"parent":0,"menu_order":0,"comment_status":"closed","ping_status":"closed","template":"","meta":{"_acf_changed":false,"footnotes":""},"class_list":["post-3842","page","type-page","status-publish","has-post-thumbnail","hentry"],"acf":[],"yoast_head":"<!-- This site is optimized with the Yoast SEO Premium plugin v26.9 (Yoast SEO v26.9) - https:\/\/yoast.com\/product\/yoast-seo-premium-wordpress\/ -->\n<title>Dana Spicer Spare Parts | uluman.net | Yedek Par\u00e7a<\/title>\n<meta name=\"description\" content=\"Information about Dana Spicer spare parts and failures. Search for Dana Spicer spare part names and part codes. Spare part ordering.\" \/>\n<meta name=\"robots\" content=\"index, follow, max-snippet:-1, max-image-preview:large, max-video-preview:-1\" \/>\n<link rel=\"canonical\" href=\"https:\/\/uluman.net\/en\/dana-spicer-spare-parts\/\" \/>\n<meta property=\"og:locale\" content=\"en_US\" \/>\n<meta property=\"og:type\" content=\"article\" \/>\n<meta property=\"og:title\" content=\"Dana Spicer Spare Parts\" \/>\n<meta property=\"og:description\" content=\"Information about Dana Spicer spare parts and failures. Search for Dana Spicer spare part names and part codes. Spare part ordering.\" \/>\n<meta property=\"og:url\" content=\"https:\/\/uluman.net\/en\/dana-spicer-spare-parts\/\" \/>\n<meta property=\"og:site_name\" content=\"uluman.net | Yedek Par\u00e7a\" \/>\n<meta property=\"article:publisher\" content=\"https:\/\/www.instagram.com\/ulumanismakinalari\/\" \/>\n<meta property=\"article:modified_time\" content=\"2026-02-05T14:22:53+00:00\" \/>\n<meta property=\"og:image\" content=\"https:\/\/uluman.net\/wp-content\/uploads\/2025\/12\/Dana-spicer-yedek-parca.jpg\" \/>\n\t<meta property=\"og:image:width\" content=\"411\" \/>\n\t<meta property=\"og:image:height\" content=\"411\" \/>\n\t<meta property=\"og:image:type\" content=\"image\/jpeg\" \/>\n<meta name=\"twitter:card\" content=\"summary_large_image\" \/>\n<meta name=\"twitter:label1\" content=\"Est. reading time\" \/>\n\t<meta name=\"twitter:data1\" content=\"15 minutes\" \/>\n<script type=\"application\/ld+json\" class=\"yoast-schema-graph\">{\"@context\":\"https:\/\/schema.org\",\"@graph\":[{\"@type\":\"WebPage\",\"@id\":\"https:\/\/uluman.net\/en\/dana-spicer-spare-parts\/\",\"url\":\"https:\/\/uluman.net\/en\/dana-spicer-spare-parts\/\",\"name\":\"Dana Spicer Spare Parts | uluman.net | Yedek Par\u00e7a\",\"isPartOf\":{\"@id\":\"https:\/\/uluman.net\/en\/#website\"},\"primaryImageOfPage\":{\"@id\":\"https:\/\/uluman.net\/en\/dana-spicer-spare-parts\/#primaryimage\"},\"image\":{\"@id\":\"https:\/\/uluman.net\/en\/dana-spicer-spare-parts\/#primaryimage\"},\"thumbnailUrl\":\"https:\/\/uluman.net\/wp-content\/uploads\/2025\/12\/Dana-spicer-yedek-parca.jpg\",\"datePublished\":\"2026-01-05T23:07:19+00:00\",\"dateModified\":\"2026-02-05T14:22:53+00:00\",\"description\":\"Information about Dana Spicer spare parts and failures. Search for Dana Spicer spare part names and part codes. Spare part ordering.\",\"breadcrumb\":{\"@id\":\"https:\/\/uluman.net\/en\/dana-spicer-spare-parts\/#breadcrumb\"},\"inLanguage\":\"en-US\",\"potentialAction\":[{\"@type\":\"ReadAction\",\"target\":[\"https:\/\/uluman.net\/en\/dana-spicer-spare-parts\/\"]}]},{\"@type\":\"ImageObject\",\"inLanguage\":\"en-US\",\"@id\":\"https:\/\/uluman.net\/en\/dana-spicer-spare-parts\/#primaryimage\",\"url\":\"https:\/\/uluman.net\/wp-content\/uploads\/2025\/12\/Dana-spicer-yedek-parca.jpg\",\"contentUrl\":\"https:\/\/uluman.net\/wp-content\/uploads\/2025\/12\/Dana-spicer-yedek-parca.jpg\",\"width\":411,\"height\":411,\"caption\":\"Dana-Spicer Spare Part\"},{\"@type\":\"BreadcrumbList\",\"@id\":\"https:\/\/uluman.net\/en\/dana-spicer-spare-parts\/#breadcrumb\",\"itemListElement\":[{\"@type\":\"ListItem\",\"position\":1,\"name\":\"Anasayfa\",\"item\":\"https:\/\/uluman.net\/en\/\"},{\"@type\":\"ListItem\",\"position\":2,\"name\":\"Dana Spicer Spare Parts\"}]},{\"@type\":\"WebSite\",\"@id\":\"https:\/\/uluman.net\/en\/#website\",\"url\":\"https:\/\/uluman.net\/en\/\",\"name\":\"uluman.net | Yedek Par\u00e7a\",\"description\":\"\u0130\u015f Makinalar\u0131 Yedek Par\u00e7a\",\"publisher\":{\"@id\":\"https:\/\/uluman.net\/en\/#organization\"},\"alternateName\":\"uluman.net\",\"potentialAction\":[{\"@type\":\"SearchAction\",\"target\":{\"@type\":\"EntryPoint\",\"urlTemplate\":\"https:\/\/uluman.net\/en\/?s={search_term_string}\"},\"query-input\":{\"@type\":\"PropertyValueSpecification\",\"valueRequired\":true,\"valueName\":\"search_term_string\"}}],\"inLanguage\":\"en-US\"},{\"@type\":\"Organization\",\"@id\":\"https:\/\/uluman.net\/en\/#organization\",\"name\":\"uluman.net | \u0130\u015f Makinalar\u0131 Yedek Par\u00e7a\",\"alternateName\":\"uluman.net\",\"url\":\"https:\/\/uluman.net\/en\/\",\"logo\":{\"@type\":\"ImageObject\",\"inLanguage\":\"en-US\",\"@id\":\"https:\/\/uluman.net\/en\/#\/schema\/logo\/image\/\",\"url\":\"https:\/\/uluman.net\/wp-content\/uploads\/2024\/09\/ulumanlogo-acikzemin.svg\",\"contentUrl\":\"https:\/\/uluman.net\/wp-content\/uploads\/2024\/09\/ulumanlogo-acikzemin.svg\",\"width\":453,\"height\":185,\"caption\":\"uluman.net | \u0130\u015f Makinalar\u0131 Yedek Par\u00e7a\"},\"image\":{\"@id\":\"https:\/\/uluman.net\/en\/#\/schema\/logo\/image\/\"},\"sameAs\":[\"https:\/\/www.instagram.com\/ulumanismakinalari\/\"]}]}<\/script>\n<!-- \/ Yoast SEO Premium plugin. -->","yoast_head_json":{"title":"Dana Spicer Spare Parts | uluman.net | Yedek Par\u00e7a","description":"Information about Dana Spicer spare parts and failures. Search for Dana Spicer spare part names and part codes. Spare part ordering.","robots":{"index":"index","follow":"follow","max-snippet":"max-snippet:-1","max-image-preview":"max-image-preview:large","max-video-preview":"max-video-preview:-1"},"canonical":"https:\/\/uluman.net\/en\/dana-spicer-spare-parts\/","og_locale":"en_US","og_type":"article","og_title":"Dana Spicer Spare Parts","og_description":"Information about Dana Spicer spare parts and failures. Search for Dana Spicer spare part names and part codes. Spare part ordering.","og_url":"https:\/\/uluman.net\/en\/dana-spicer-spare-parts\/","og_site_name":"uluman.net | Yedek Par\u00e7a","article_publisher":"https:\/\/www.instagram.com\/ulumanismakinalari\/","article_modified_time":"2026-02-05T14:22:53+00:00","og_image":[{"width":411,"height":411,"url":"https:\/\/uluman.net\/wp-content\/uploads\/2025\/12\/Dana-spicer-yedek-parca.jpg","type":"image\/jpeg"}],"twitter_card":"summary_large_image","twitter_misc":{"Est. reading time":"15 minutes"},"schema":{"@context":"https:\/\/schema.org","@graph":[{"@type":"WebPage","@id":"https:\/\/uluman.net\/en\/dana-spicer-spare-parts\/","url":"https:\/\/uluman.net\/en\/dana-spicer-spare-parts\/","name":"Dana Spicer Spare Parts | uluman.net | Yedek Par\u00e7a","isPartOf":{"@id":"https:\/\/uluman.net\/en\/#website"},"primaryImageOfPage":{"@id":"https:\/\/uluman.net\/en\/dana-spicer-spare-parts\/#primaryimage"},"image":{"@id":"https:\/\/uluman.net\/en\/dana-spicer-spare-parts\/#primaryimage"},"thumbnailUrl":"https:\/\/uluman.net\/wp-content\/uploads\/2025\/12\/Dana-spicer-yedek-parca.jpg","datePublished":"2026-01-05T23:07:19+00:00","dateModified":"2026-02-05T14:22:53+00:00","description":"Information about Dana Spicer spare parts and failures. Search for Dana Spicer spare part names and part codes. Spare part ordering.","breadcrumb":{"@id":"https:\/\/uluman.net\/en\/dana-spicer-spare-parts\/#breadcrumb"},"inLanguage":"en-US","potentialAction":[{"@type":"ReadAction","target":["https:\/\/uluman.net\/en\/dana-spicer-spare-parts\/"]}]},{"@type":"ImageObject","inLanguage":"en-US","@id":"https:\/\/uluman.net\/en\/dana-spicer-spare-parts\/#primaryimage","url":"https:\/\/uluman.net\/wp-content\/uploads\/2025\/12\/Dana-spicer-yedek-parca.jpg","contentUrl":"https:\/\/uluman.net\/wp-content\/uploads\/2025\/12\/Dana-spicer-yedek-parca.jpg","width":411,"height":411,"caption":"Dana-Spicer Spare Part"},{"@type":"BreadcrumbList","@id":"https:\/\/uluman.net\/en\/dana-spicer-spare-parts\/#breadcrumb","itemListElement":[{"@type":"ListItem","position":1,"name":"Anasayfa","item":"https:\/\/uluman.net\/en\/"},{"@type":"ListItem","position":2,"name":"Dana Spicer Spare Parts"}]},{"@type":"WebSite","@id":"https:\/\/uluman.net\/en\/#website","url":"https:\/\/uluman.net\/en\/","name":"uluman.net | Yedek Par\u00e7a","description":"\u0130\u015f Makinalar\u0131 Yedek Par\u00e7a","publisher":{"@id":"https:\/\/uluman.net\/en\/#organization"},"alternateName":"uluman.net","potentialAction":[{"@type":"SearchAction","target":{"@type":"EntryPoint","urlTemplate":"https:\/\/uluman.net\/en\/?s={search_term_string}"},"query-input":{"@type":"PropertyValueSpecification","valueRequired":true,"valueName":"search_term_string"}}],"inLanguage":"en-US"},{"@type":"Organization","@id":"https:\/\/uluman.net\/en\/#organization","name":"uluman.net | \u0130\u015f Makinalar\u0131 Yedek Par\u00e7a","alternateName":"uluman.net","url":"https:\/\/uluman.net\/en\/","logo":{"@type":"ImageObject","inLanguage":"en-US","@id":"https:\/\/uluman.net\/en\/#\/schema\/logo\/image\/","url":"https:\/\/uluman.net\/wp-content\/uploads\/2024\/09\/ulumanlogo-acikzemin.svg","contentUrl":"https:\/\/uluman.net\/wp-content\/uploads\/2024\/09\/ulumanlogo-acikzemin.svg","width":453,"height":185,"caption":"uluman.net | \u0130\u015f Makinalar\u0131 Yedek Par\u00e7a"},"image":{"@id":"https:\/\/uluman.net\/en\/#\/schema\/logo\/image\/"},"sameAs":["https:\/\/www.instagram.com\/ulumanismakinalari\/"]}]}},"_links":{"self":[{"href":"https:\/\/uluman.net\/en\/wp-json\/wp\/v2\/pages\/3842","targetHints":{"allow":["GET"]}}],"collection":[{"href":"https:\/\/uluman.net\/en\/wp-json\/wp\/v2\/pages"}],"about":[{"href":"https:\/\/uluman.net\/en\/wp-json\/wp\/v2\/types\/page"}],"author":[{"embeddable":true,"href":"https:\/\/uluman.net\/en\/wp-json\/wp\/v2\/users\/2"}],"replies":[{"embeddable":true,"href":"https:\/\/uluman.net\/en\/wp-json\/wp\/v2\/comments?post=3842"}],"version-history":[{"count":13,"href":"https:\/\/uluman.net\/en\/wp-json\/wp\/v2\/pages\/3842\/revisions"}],"predecessor-version":[{"id":3999,"href":"https:\/\/uluman.net\/en\/wp-json\/wp\/v2\/pages\/3842\/revisions\/3999"}],"wp:featuredmedia":[{"embeddable":true,"href":"https:\/\/uluman.net\/en\/wp-json\/wp\/v2\/media\/3803"}],"wp:attachment":[{"href":"https:\/\/uluman.net\/en\/wp-json\/wp\/v2\/media?parent=3842"}],"curies":[{"name":"wp","href":"https:\/\/api.w.org\/{rel}","templated":true}]}}